{"id":2,"date":"2022-07-07T19:59:09","date_gmt":"2022-07-07T22:59:09","guid":{"rendered":"http:\/\/marianarangel.com\/?page_id=2"},"modified":"2025-12-18T07:19:33","modified_gmt":"2025-12-18T10:19:33","slug":"pagina-exemplo","status":"publish","type":"page","link":"https:\/\/marianarangel.com\/index.php\/pagina-exemplo\/","title":{"rendered":"MENTORIA, PALESTRAS E TREINAMENTOS. CONTACTE-ME!"},"content":{"rendered":"<style id=\"wpforms-css-vars-102-block-d79b7943-ad0f-409c-8062-6134e9c3b068\">\n\t\t\t\t#wpforms-102.wpforms-block-d79b7943-ad0f-409c-8062-6134e9c3b068 {\n\t\t\t\t--wpforms-field-size-input-height: 43px;\n--wpforms-field-size-input-spacing: 15px;\n--wpforms-field-size-font-size: 16px;\n--wpforms-field-size-line-height: 19px;\n--wpforms-field-size-padding-h: 14px;\n--wpforms-field-size-checkbox-size: 16px;\n--wpforms-field-size-sublabel-spacing: 5px;\n--wpforms-field-size-icon-size: 1;\n--wpforms-label-size-font-size: 16px;\n--wpforms-label-size-line-height: 19px;\n--wpforms-label-size-sublabel-font-size: 14px;\n--wpforms-label-size-sublabel-line-height: 17px;\n--wpforms-button-size-font-size: 17px;\n--wpforms-button-size-height: 41px;\n--wpforms-button-size-padding-h: 15px;\n--wpforms-button-size-margin-top: 10px;\n\t\t\t}\n\t\t\t<\/style><div class=\"wpforms-container wpforms-container-full wpforms-block wpforms-block-d79b7943-ad0f-409c-8062-6134e9c3b068 wpforms-render-modern\" id=\"wpforms-102\"><form id=\"wpforms-form-102\" class=\"wpforms-validate wpforms-form wpforms-ajax-form\" data-formid=\"102\" method=\"post\" enctype=\"multipart\/form-data\" action=\"\/index.php\/wp-json\/wp\/v2\/pages\/2\" data-token=\"29ba1d938d495b4c69014c0570c337c6\" data-token-time=\"1775253274\"><noscript class=\"wpforms-error-noscript\">Ative o JavaScript no seu navegador para preencher este formul\u00e1rio.<\/noscript><div id=\"wpforms-error-noscript\" style=\"display: none;\">Ative o JavaScript no seu navegador para preencher este formul\u00e1rio.<\/div><div class=\"wpforms-field-container\"><div id=\"wpforms-102-field_0-container\" class=\"wpforms-field wpforms-field-name\" data-field-id=\"0\"><fieldset><legend class=\"wpforms-field-label\">Name <span class=\"wpforms-required-label\" aria-hidden=\"true\">*<\/span><\/legend><div class=\"wpforms-field-row wpforms-field-medium\"><div class=\"wpforms-field-row-block wpforms-first wpforms-one-half\"><input type=\"text\" id=\"wpforms-102-field_0\" class=\"wpforms-field-name-first wpforms-field-required\" name=\"wpforms[fields][0][first]\" aria-errormessage=\"wpforms-102-field_0-error\" required><label for=\"wpforms-102-field_0\" class=\"wpforms-field-sublabel after\">Nome<\/label><\/div><div class=\"wpforms-field-row-block wpforms-one-half\"><input type=\"text\" id=\"wpforms-102-field_0-last\" class=\"wpforms-field-name-last wpforms-field-required\" name=\"wpforms[fields][0][last]\" aria-errormessage=\"wpforms-102-field_0-last-error\" required><label for=\"wpforms-102-field_0-last\" class=\"wpforms-field-sublabel after\">Sobrenome<\/label><\/div><\/div><\/fieldset><\/div><div id=\"wpforms-102-field_1-container\" class=\"wpforms-field wpforms-field-email\" data-field-id=\"1\"><label class=\"wpforms-field-label\" for=\"wpforms-102-field_1\">Email <span class=\"wpforms-required-label\" aria-hidden=\"true\">*<\/span><\/label><input type=\"email\" id=\"wpforms-102-field_1\" class=\"wpforms-field-medium wpforms-field-required\" name=\"wpforms[fields][1]\" spellcheck=\"false\" aria-errormessage=\"wpforms-102-field_1-error\" required><\/div><div id=\"wpforms-102-field_2-container\" class=\"wpforms-field wpforms-field-textarea\" data-field-id=\"2\"><label class=\"wpforms-field-label\" for=\"wpforms-102-field_2\">Comment or Message <span class=\"wpforms-required-label\" aria-hidden=\"true\">*<\/span><\/label><textarea id=\"wpforms-102-field_2\" class=\"wpforms-field-medium wpforms-field-required\" name=\"wpforms[fields][2]\" aria-errormessage=\"wpforms-102-field_2-error\" required><\/textarea><\/div><\/div><!-- .wpforms-field-container --><div class=\"wpforms-submit-container\" ><input type=\"hidden\" name=\"wpforms[id]\" value=\"102\"><input type=\"hidden\" name=\"page_title\" value=\"\"><input type=\"hidden\" name=\"page_url\" value=\"https:\/\/marianarangel.com\/index.php\/wp-json\/wp\/v2\/pages\/2\"><input type=\"hidden\" name=\"url_referer\" value=\"\"><button type=\"submit\" name=\"wpforms[submit]\" id=\"wpforms-submit-102\" class=\"wpforms-submit\" data-alt-text=\"Sending...\" data-submit-text=\"Submit\" aria-live=\"assertive\" value=\"wpforms-submit\">Submit<\/button><img loading=\"lazy\" decoding=\"async\" src=\"https:\/\/marianarangel.com\/wp-content\/plugins\/wpforms-lite\/assets\/images\/submit-spin.svg\" class=\"wpforms-submit-spinner\" style=\"display: none;\" width=\"26\" height=\"26\" alt=\"Carregando\"><\/div><\/form><\/div>  <!-- .wpforms-container -->\n\n\n<p><\/p>\n\n\n\n<figure class=\"wp-block-pullquote is-style-default\"><blockquote><p>&#8220;A Psican\u00e1lise \u00e9, em ess\u00eancia, uma cura pelo AMOR.&#8221;<\/p><cite>Sigmund Freud<\/cite><\/blockquote><\/figure>\n\n\n\n<h2 class=\"wp-block-heading has-text-align-center\">ATENDIMENTO PRESENCIAL E ONLINE<\/h2>\n\n\n\n<p><strong> Centro M\u00e9dico Affinity<\/strong><\/p>\n\n\n\n<p>Affinity Work &#8211; R. Ten. M\u00e1rio Francisco Brito, 200 &#8211; loja 06 &#8211; Enseada do Su\u00e1, Vit\u00f3ria &#8211; ES, 29050-545<\/p>\n\n\n\n<p>Agendamento: <a href=\"https:\/\/www.google.com\/search?q=affinity+consult%C3%B3rios&amp;sca_esv=326abf4dbf6751f6&amp;sxsrf=ACQVn094z8jpjqu1SqUP9gmkUBeh5-15iw%3A1708231782479&amp;ei=ZozRZY_rHLip1sQP-seXoA0&amp;udm=&amp;gs_ssp=eJzj4tVP1zc0LC4pKDTOKys3YLRSNqhIsjA0TzRIMk0xNbdIMbcyqEhNSrIwNUpNSzZINUsySE71EktMS8vMyyypVEjOzysuzSk5vLkoM78YAIQ0Gao&amp;oq=Afinnity+&amp;gs_lp=Egxnd3Mtd2l6LXNlcnAiCUFmaW5uaXR5ICoCCAQyDRAuGIAEGAoYxwEYrwEyChAAGIAEGAoYsQMyDRAuGIAEGAoYxwEYrwEyChAAGIAEGAoYsQMyDRAuGIAEGAoYxwEYrwEyDRAAGIAEGIoFGEMYsQMyChAAGIAEGIoFGEMyBxAAGIAEGAoyBxAAGIAEGAoyEBAuGIAEGIoFGEMYxwEY0QMyHBAuGIAEGAoYxwEYrwEYlwUY3AQY3gQY4ATYAQJI8tUBULkgWIVOcAJ4CJABApgB8QugAaFAqgELNC0xLjEuNC4yLjG4AQHIAQD4AQGoAhTCAgQQABhHwgIHECMY6gIYJ8ICExAAGIAEGIoFGEMY6gIYtALYAQHCAgQQIxgnwgIKECMYgAQYigUYJ8ICERAuGIAEGLEDGIMBGMcBGNEDwgILEC4YgAQYxwEY0QPCAgsQLhiABBixAxiDAcICDhAuGIAEGLEDGMcBGNEDwgIIEAAYgAQYsQPCAgoQLhiABBiKBRhDwgIFEC4YgATCAgsQLhiABBixAxjUAsICCxAAGIAEGLEDGIMBwgIFEAAYgASIBgGQBgi6BgYIARABGAG6BgYIAhABGBQ&amp;sclient=gws-wiz-serp#\">(27) 99294-4210<\/a> <\/p>\n\n\n\n<p><\/p>\n","protected":false},"excerpt":{"rendered":"<p>&#8220;A Psican\u00e1lise \u00e9, em ess\u00eancia, uma cura pelo AMOR.&#8221; Sigmund Freud ATENDIMENTO PRESENCIAL E ONLINE Centro M\u00e9dico Affinity Affinity Work &#8211; R. Ten. M\u00e1rio Francisco Brito, 200 &#8211; loja 06 &#8211; Enseada do Su\u00e1, Vit\u00f3ria &#8211; ES, 29050-545 Agendamento: (27) 99294-4210<span class=\"more-link\"><a href=\"https:\/\/marianarangel.com\/index.php\/pagina-exemplo\/\">Continue Reading<\/a><\/span><\/p>\n","protected":false},"author":1,"featured_media":334,"parent":0,"menu_order":0,"comment_status":"closed","ping_status":"open","template":"","meta":{"om_disable_all_campaigns":false,"sfsi_plus_gutenberg_text_before_share":"","sfsi_plus_gutenberg_show_text_before_share":"","sfsi_plus_gutenberg_icon_type":"","sfsi_plus_gutenberg_icon_alignemt":"","sfsi_plus_gutenburg_max_per_row":"","_monsterinsights_skip_tracking":false,"_monsterinsights_sitenote_active":false,"_monsterinsights_sitenote_note":"","_monsterinsights_sitenote_category":0,"footnotes":""},"class_list":["entry","author-marianamrrangel","post-2","page","type-page","status-publish","has-post-thumbnail"],"aioseo_notices":[],"jetpack_sharing_enabled":true,"_links":{"self":[{"href":"https:\/\/marianarangel.com\/index.php\/wp-json\/wp\/v2\/pages\/2","targetHints":{"allow":["GET"]}}],"collection":[{"href":"https:\/\/marianarangel.com\/index.php\/wp-json\/wp\/v2\/pages"}],"about":[{"href":"https:\/\/marianarangel.com\/index.php\/wp-json\/wp\/v2\/types\/page"}],"author":[{"embeddable":true,"href":"https:\/\/marianarangel.com\/index.php\/wp-json\/wp\/v2\/users\/1"}],"replies":[{"embeddable":true,"href":"https:\/\/marianarangel.com\/index.php\/wp-json\/wp\/v2\/comments?post=2"}],"version-history":[{"count":14,"href":"https:\/\/marianarangel.com\/index.php\/wp-json\/wp\/v2\/pages\/2\/revisions"}],"predecessor-version":[{"id":1068,"href":"https:\/\/marianarangel.com\/index.php\/wp-json\/wp\/v2\/pages\/2\/revisions\/1068"}],"wp:featuredmedia":[{"embeddable":true,"href":"https:\/\/marianarangel.com\/index.php\/wp-json\/wp\/v2\/media\/334"}],"wp:attachment":[{"href":"https:\/\/marianarangel.com\/index.php\/wp-json\/wp\/v2\/media?parent=2"}],"curies":[{"name":"wp","href":"https:\/\/api.w.org\/{rel}","templated":true}]}}