{"id":273,"date":"2023-05-22T03:35:50","date_gmt":"2023-05-22T06:35:50","guid":{"rendered":"http:\/\/marianarangel.com\/?page_id=273"},"modified":"2023-08-08T02:18:18","modified_gmt":"2023-08-08T05:18:18","slug":"life-coach-e-psicanalise","status":"publish","type":"page","link":"https:\/\/marianarangel.com\/index.php\/life-coach-e-psicanalise\/","title":{"rendered":"LIFE COACH &#038; PSICAN\u00c1LISE QU\u00c2NTICA"},"content":{"rendered":"\n<h2 class=\"wp-block-heading\">Life and Leader Coach<\/h2>\n\n\n\n<p id=\"tw-target-text\">Um Life and Leader Coach (treinador de vida e lideran\u00e7a) \u00e9 um profissional que trabalha com indiv\u00edduos para ajud\u00e1-los a alcan\u00e7ar seus objetivos pessoais e profissionais, melhorar seu desempenho e aumentar sua satisfa\u00e7\u00e3o geral e bem-estar na vida e no trabalho.<\/p>\n\n\n\n<p id=\"tw-target-text\">O Life Coach se concentra em apoiar os clientes em v\u00e1rios aspectos de suas vidas, como relacionamentos, carreira, sa\u00fade e desenvolvimento pessoal. Um life coach ajuda os clientes a esclarecer seus valores, identificar seus pontos fortes e \u00e1reas de melhoria, definir metas significativas e desenvolver planos de a\u00e7\u00e3o para atingir essas metas. Eles fornecem orienta\u00e7\u00e3o, responsabilidade e suporte durante todo o processo de coaching (treinamento).<\/p>\n\n\n\n<p id=\"tw-target-text\">O Leader Coach, por outro lado, visa especificamente indiv\u00edduos em posi\u00e7\u00f5es de lideran\u00e7a ou aqueles que desejam se tornar l\u00edderes. Os leader coaches trabalham com os clientes para aprimorar suas habilidades de lideran\u00e7a, aumentar sua autoconsci\u00eancia e desenvolver estrat\u00e9gias eficazes para liderar e inspirar outras pessoas. Eles podem ajudar os clientes a melhorar sua comunica\u00e7\u00e3o, tomada de decis\u00e3o, intelig\u00eancia emocional e outras compet\u00eancias essenciais de lideran\u00e7a. Os coaches de vida e lideran\u00e7a usam v\u00e1rias t\u00e9cnicas e abordagens, como escuta ativa, questionamento poderoso, estabelecimento de metas e planejamento de a\u00e7\u00f5es, para facilitar o crescimento e o desenvolvimento de seus clientes. Eles criam um ambiente de apoio e sem julgamento, onde os clientes podem explorar seus desafios, obter insights e fazer mudan\u00e7as positivas.<\/p>\n\n\n\n<p id=\"tw-target-text\">O coaching (treinamento) pode ser um recurso valioso para quem busca crescimento pessoal e profissional. Como treinadora alinho suas necessidades, valores e objetivos.<\/p>\n\n\n\n<h2 class=\"wp-block-heading\">Psican\u00e1lise Qu\u00e2ntica<\/h2>\n\n\n\n<p>A psican\u00e1lise qu\u00e2ntica \u00e9 uma abordagem te\u00f3rica que combina princ\u00edpios da psican\u00e1lise com conceitos da f\u00edsica qu\u00e2ntica. Essa abordagem prop\u00f5e uma compreens\u00e3o mais ampla e integrativa da mente humana, considerando aspectos subjetivos e objetivos da experi\u00eancia.<br>A psican\u00e1lise tradicional, desenvolvida por Sigmund Freud, enfoca o inconsciente, os desejos reprimidos e os processos ps\u00edquicos que influenciam o comportamento humano. J\u00e1 a f\u00edsica qu\u00e2ntica \u00e9 um campo da ci\u00eancia que estuda as propriedades e o comportamento das part\u00edculas subat\u00f4micas, onde as leis da f\u00edsica cl\u00e1ssica n\u00e3o se aplicam.<br>Na psican\u00e1lise qu\u00e2ntica, acredita-se que a mente humana e o inconsciente podem ser compreendidos atrav\u00e9s dos princ\u00edpios da f\u00edsica qu\u00e2ntica. Dentro de um argumento que a consci\u00eancia n\u00e3o \u00e9 apenas um fen\u00f4meno cerebral, mas tamb\u00e9m est\u00e1 relacionada a um campo de energia mais amplo que permeia todo o Universo. Essa vis\u00e3o prop\u00f5e que a mente e a mat\u00e9ria est\u00e3o interconectadas de forma mais profunda, do micro ao macro, dos menores aos maiores detalhes da vida, muito al\u00e9m do que a abordagem tradicional da psican\u00e1lise.<\/p>\n\n\n\n<p>Dentro do processo psican\u00e1litico qu\u00e2ntico, \u00e9 poss\u00edvel ressignificar a vida atrav\u00e9s da abordagem e transmuta\u00e7\u00e3o, transforma\u00e7\u00e3o das polaridades negativas do inconsciente, como: depress\u00e3o, tristeza, v\u00edcios, pensamentos intrusivos, atitudes comportamentais, vazio existencial, relacionamentos, dores f\u00edsicas n\u00e3o diagnosticadas, curar feridas emocionais, mentes inquietas, s\u00edndrome do p\u00e2nico, ansiedade, fobias, medos generalizados, traumas f\u00edsicos e transgeracionais, cren\u00e7as limitantes, autoconhecimento, autodesenvolvimento, afim de encontrar o prop\u00f3sito de vida.<\/p>\n\n\n\n<p>Eu descubro e transmuto a causa emocional e mental da sua maior frustra\u00e7\u00e3o, fracasso e insucessos. Aplicando t\u00e9cnicas e m\u00e9todos internacionalmente validado. Por meio de ferramentas do Life and Leader Coach, Psican\u00e1lise Qu\u00e2ntica e Terapias Hol\u00edsticas.<\/p>\n","protected":false},"excerpt":{"rendered":"<p>Life and Leader Coach Um Life and Leader Coach (treinador de vida e lideran\u00e7a) \u00e9 um profissional que trabalha com indiv\u00edduos para ajud\u00e1-los a alcan\u00e7ar seus objetivos pessoais e profissionais, melhorar seu desempenho e aumentar sua satisfa\u00e7\u00e3o geral e bem-estar na vida e no trabalho. O Life Coach se concentra<span class=\"more-link\"><a href=\"https:\/\/marianarangel.com\/index.php\/life-coach-e-psicanalise\/\">Continue Reading<\/a><\/span><\/p>\n","protected":false},"author":1,"featured_media":334,"parent":0,"menu_order":0,"comment_status":"closed","ping_status":"closed","template":"","meta":{"om_disable_all_campaigns":false,"sfsi_plus_gutenberg_text_before_share":"","sfsi_plus_gutenberg_show_text_before_share":"","sfsi_plus_gutenberg_icon_type":"","sfsi_plus_gutenberg_icon_alignemt":"","sfsi_plus_gutenburg_max_per_row":"","_monsterinsights_skip_tracking":false,"_monsterinsights_sitenote_active":false,"_monsterinsights_sitenote_note":"","_monsterinsights_sitenote_category":0,"footnotes":""},"class_list":["entry","author-marianamrrangel","post-273","page","type-page","status-publish","has-post-thumbnail"],"aioseo_notices":[],"jetpack_sharing_enabled":true,"_links":{"self":[{"href":"https:\/\/marianarangel.com\/index.php\/wp-json\/wp\/v2\/pages\/273","targetHints":{"allow":["GET"]}}],"collection":[{"href":"https:\/\/marianarangel.com\/index.php\/wp-json\/wp\/v2\/pages"}],"about":[{"href":"https:\/\/marianarangel.com\/index.php\/wp-json\/wp\/v2\/types\/page"}],"author":[{"embeddable":true,"href":"https:\/\/marianarangel.com\/index.php\/wp-json\/wp\/v2\/users\/1"}],"replies":[{"embeddable":true,"href":"https:\/\/marianarangel.com\/index.php\/wp-json\/wp\/v2\/comments?post=273"}],"version-history":[{"count":5,"href":"https:\/\/marianarangel.com\/index.php\/wp-json\/wp\/v2\/pages\/273\/revisions"}],"predecessor-version":[{"id":350,"href":"https:\/\/marianarangel.com\/index.php\/wp-json\/wp\/v2\/pages\/273\/revisions\/350"}],"wp:featuredmedia":[{"embeddable":true,"href":"https:\/\/marianarangel.com\/index.php\/wp-json\/wp\/v2\/media\/334"}],"wp:attachment":[{"href":"https:\/\/marianarangel.com\/index.php\/wp-json\/wp\/v2\/media?parent=273"}],"curies":[{"name":"wp","href":"https:\/\/api.w.org\/{rel}","templated":true}]}}