{"id":293,"date":"2023-05-22T03:55:23","date_gmt":"2023-05-22T06:55:23","guid":{"rendered":"http:\/\/marianarangel.com\/?page_id=293"},"modified":"2023-11-04T03:33:40","modified_gmt":"2023-11-04T06:33:40","slug":"insights","status":"publish","type":"page","link":"https:\/\/marianarangel.com\/index.php\/insights\/","title":{"rendered":"INSIGHTS"},"content":{"rendered":"\n<p><\/p>\n\n\n\n<h1 class=\"wp-block-heading\">Descubra o Poder Transformador das Mentorias de Life Coaching &amp; Psican\u00e1lise Qu\u00e2ntica<\/h1>\n\n\n\n<p><\/p>\n\n\n\n<blockquote class=\"wp-block-quote is-layout-flow wp-block-quote-is-layout-flow\">\n<p>Em um mundo cheio de desafios e incertezas, o life coaching e a psican\u00e1lise qu\u00e2ntica emergem como guias poderosos para transforma\u00e7\u00e3o pessoal. Imagine desvendar os padr\u00f5es ocultos da sua mente, desbloquear seu potencial ilimitado e trilhar o caminho rumo \u00e0 sua vers\u00e3o mais aut\u00eantica e realizada.<\/p>\n<cite>Mariana Rangel<\/cite><\/blockquote>\n\n\n\n<p><\/p>\n\n\n\n<p><strong>Life Coaching<\/strong><\/p>\n\n\n\n<p>Com o life coaching, voc\u00ea recebe orienta\u00e7\u00e3o personalizada para definir metas claras, superar obst\u00e1culos e encontrar seu prop\u00f3sito de vida. Conte com especialistas para ajud\u00e1-lo a conquistar seus sonhos, construir relacionamentos mais saud\u00e1veis e alcan\u00e7ar o equil\u00edbrio entre trabalho e vida pessoal.<\/p>\n\n\n\n<p><strong>Psican\u00e1lise Qu\u00e2ntica<\/strong><\/p>\n\n\n\n<p>A psican\u00e1lise qu\u00e2ntica mergulha nas profundezas da mente, explorando as conex\u00f5es entre pensamentos, emo\u00e7\u00f5es e comportamentos. Ao entender os padr\u00f5es inconscientes que moldam suas escolhas, voc\u00ea ganha controle sobre sua vida. A psican\u00e1lise qu\u00e2ntica n\u00e3o apenas revela o que est\u00e1 por tr\u00e1s de seus desafios, mas tamb\u00e9m oferece t\u00e9cnicas e sintoniza\u00e7\u00f5es poderosas para transform\u00e1-los, promovendo uma verdadeira liberdade interior.<\/p>\n\n\n\n<p><strong>O Que Voc\u00ea Pode Esperar:<\/strong><\/p>\n\n\n\n<ul class=\"wp-block-list\">\n<li><strong>Autoconhecimento Profundo:<\/strong> Explore seu eu interior, descubra seus valores e supere cren\u00e7as limitantes.<\/li>\n\n\n\n<li><strong>Crescimento Sustent\u00e1vel:<\/strong> Desenvolva habilidades emocionais, sociais e profissionais para um crescimento duradouro.<\/li>\n\n\n\n<li><strong>Transforma\u00e7\u00e3o Duradoura:<\/strong> Abra portas para novas e infinitas possibilidades, alcan\u00e7ando um estado de bem-estar hol\u00edstico.<\/li>\n\n\n\n<li><strong>Empoderamento:<\/strong> Torne-se o autor da sua pr\u00f3pria hist\u00f3ria, com confian\u00e7a para enfrentar qualquer desafio que se apresente \u00e0 sua vida.<\/li>\n<\/ul>\n\n\n\n<p>Voc\u00ea est\u00e1 pronto(a) para embarcar nesta jornada de autodescoberta e transforma\u00e7\u00e3o? <\/p>\n\n\n\n<p>Estou aqui para gui\u00e1-lo(a) em cada passo do caminho. Prepare-se para uma vida mais plena, consciente e realizada!<\/p>\n\n\n\n<p><strong>N\u00e3o deixe para amanh\u00e3 o que deve fazer agora.<\/strong> <strong>Transforme-se hoje!<\/strong><\/p>\n","protected":false},"excerpt":{"rendered":"<p>Descubra o Poder Transformador das Mentorias de Life Coaching &amp; Psican\u00e1lise Qu\u00e2ntica Em um mundo cheio de desafios e incertezas, o life coaching e a psican\u00e1lise qu\u00e2ntica emergem como guias poderosos para transforma\u00e7\u00e3o pessoal. Imagine desvendar os padr\u00f5es ocultos da sua mente, desbloquear seu potencial ilimitado e trilhar o caminho<span class=\"more-link\"><a href=\"https:\/\/marianarangel.com\/index.php\/insights\/\">Continue Reading<\/a><\/span><\/p>\n","protected":false},"author":1,"featured_media":334,"parent":0,"menu_order":0,"comment_status":"closed","ping_status":"closed","template":"","meta":{"om_disable_all_campaigns":false,"sfsi_plus_gutenberg_text_before_share":"","sfsi_plus_gutenberg_show_text_before_share":"","sfsi_plus_gutenberg_icon_type":"","sfsi_plus_gutenberg_icon_alignemt":"","sfsi_plus_gutenburg_max_per_row":"","_monsterinsights_skip_tracking":false,"_monsterinsights_sitenote_active":false,"_monsterinsights_sitenote_note":"","_monsterinsights_sitenote_category":0,"footnotes":""},"class_list":["entry","author-marianamrrangel","post-293","page","type-page","status-publish","has-post-thumbnail"],"aioseo_notices":[],"jetpack_sharing_enabled":true,"_links":{"self":[{"href":"https:\/\/marianarangel.com\/index.php\/wp-json\/wp\/v2\/pages\/293","targetHints":{"allow":["GET"]}}],"collection":[{"href":"https:\/\/marianarangel.com\/index.php\/wp-json\/wp\/v2\/pages"}],"about":[{"href":"https:\/\/marianarangel.com\/index.php\/wp-json\/wp\/v2\/types\/page"}],"author":[{"embeddable":true,"href":"https:\/\/marianarangel.com\/index.php\/wp-json\/wp\/v2\/users\/1"}],"replies":[{"embeddable":true,"href":"https:\/\/marianarangel.com\/index.php\/wp-json\/wp\/v2\/comments?post=293"}],"version-history":[{"count":5,"href":"https:\/\/marianarangel.com\/index.php\/wp-json\/wp\/v2\/pages\/293\/revisions"}],"predecessor-version":[{"id":474,"href":"https:\/\/marianarangel.com\/index.php\/wp-json\/wp\/v2\/pages\/293\/revisions\/474"}],"wp:featuredmedia":[{"embeddable":true,"href":"https:\/\/marianarangel.com\/index.php\/wp-json\/wp\/v2\/media\/334"}],"wp:attachment":[{"href":"https:\/\/marianarangel.com\/index.php\/wp-json\/wp\/v2\/media?parent=293"}],"curies":[{"name":"wp","href":"https:\/\/api.w.org\/{rel}","templated":true}]}}