{"id":363,"date":"2023-11-03T02:08:43","date_gmt":"2023-11-03T05:08:43","guid":{"rendered":"http:\/\/marianarangel.com\/?page_id=363"},"modified":"2024-07-22T03:29:47","modified_gmt":"2024-07-22T06:29:47","slug":"politica-garantia","status":"publish","type":"page","link":"https:\/\/marianarangel.com\/index.php\/politica-garantia\/","title":{"rendered":"Pol\u00edtica de Garantia"},"content":{"rendered":"\n<p>Mariana Rangel, especializada em Life Coach &amp; Psican\u00e1lise Qu\u00e2ntica, est\u00e1 comprometida em fornecer servi\u00e7os de alta qualidade aos seus clientes mentorandos. Esta Pol\u00edtica de Garantia descreve nossas pr\u00e1ticas em rela\u00e7\u00e3o a reembolsos, devolu\u00e7\u00f5es e garantias. Ao utilizar nosso site e nossos servi\u00e7os, voc\u00ea concorda com as pr\u00e1ticas descritas nesta pol\u00edtica.<\/p>\n\n\n\n<p><strong>Garantia de Satisfa\u00e7\u00e3o:<\/strong><\/p>\n\n\n\n<p>Mariana Rangel \u00e9 confiante na qualidade de seus servi\u00e7os de mentoria como Life Coach e Psicanalista Qu\u00e2ntica. Se voc\u00ea n\u00e3o estiver satisfeito com a sua experi\u00eancia, a especialista far\u00e1 o poss\u00edvel para corrigir a situa\u00e7\u00e3o. Se, ap\u00f3s a primeira sess\u00e3o de mentoria, voc\u00ea n\u00e3o estiver completamente satisfeito com seu servi\u00e7o prestado, voc\u00ea tem direito a um reembolso integral.<\/p>\n\n\n\n<p><strong>Pol\u00edtica de Cancelamento:<\/strong><\/p>\n\n\n\n<p>Se por qualquer motivo voc\u00ea precisar cancelar ou reagendar uma sess\u00e3o de mentoria, pedimos que nos avise com pelo menos 24 horas de anteced\u00eancia. Se voc\u00ea cancelar com menos de 24 horas de anteced\u00eancia, a sess\u00e3o ser\u00e1 considerada realizada e n\u00e3o ser\u00e1 oferecido reembolso.<\/p>\n\n\n\n<p><strong>Pol\u00edtica de Reembolso:<\/strong><\/p>\n\n\n\n<p>Se voc\u00ea n\u00e3o estiver satisfeito com o servi\u00e7o prestado, entre em contato dentro de 30 dias ap\u00f3s a sess\u00e3o inicial para solicitar um reembolso. A an\u00e1lise ser\u00e1 realizada caso a caso e, se for considerado que o servi\u00e7o prestado n\u00e3o atendeu \u00e0s suas expectativas, providenciaremos o reembolso dos meses n\u00e3o mentoreados do valor pago.<\/p>\n\n\n\n<p><strong>Contato:<\/strong><\/p>\n\n\n\n<p>Para solicitar um reembolso ou para esclarecer d\u00favidas sobre nossa Pol\u00edtica de Garantia, entre em contato em:<\/p>\n\n\n\n<p>contato@marianarangel.com <\/p>\n\n\n\n<p> +55 (27) 99726-3185<\/p>\n\n\n\n<p>Agradecemos por escolher a Life Coach &amp; Psicanalista Qu\u00e2ntica Mariana Rangel, como sua Mentora e Treinadora Mental. Ela \u00e9 comprometida em proporcionar uma experi\u00eancia positiva e transformadora em seu processo de mentoria em Life Coaching e Psican\u00e1lise Qu\u00e2ntica. Sua satisfa\u00e7\u00e3o aqui \u00e9 prioridade!<\/p>\n\n\n\n<p><\/p>\n\n\n\n<p><\/p>\n\n\n\n<p><\/p>\n","protected":false},"excerpt":{"rendered":"<p>Mariana Rangel, especializada em Life Coach &amp; Psican\u00e1lise Qu\u00e2ntica, est\u00e1 comprometida em fornecer servi\u00e7os de alta qualidade aos seus clientes mentorandos. Esta Pol\u00edtica de Garantia descreve nossas pr\u00e1ticas em rela\u00e7\u00e3o a reembolsos, devolu\u00e7\u00f5es e garantias. Ao utilizar nosso site e nossos servi\u00e7os, voc\u00ea concorda com as pr\u00e1ticas descritas nesta pol\u00edtica.<span class=\"more-link\"><a href=\"https:\/\/marianarangel.com\/index.php\/politica-garantia\/\">Continue Reading<\/a><\/span><\/p>\n","protected":false},"author":1,"featured_media":0,"parent":0,"menu_order":0,"comment_status":"closed","ping_status":"closed","template":"","meta":{"om_disable_all_campaigns":false,"sfsi_plus_gutenberg_text_before_share":"","sfsi_plus_gutenberg_show_text_before_share":"","sfsi_plus_gutenberg_icon_type":"","sfsi_plus_gutenberg_icon_alignemt":"","sfsi_plus_gutenburg_max_per_row":"","_monsterinsights_skip_tracking":false,"_monsterinsights_sitenote_active":false,"_monsterinsights_sitenote_note":"","_monsterinsights_sitenote_category":0,"footnotes":""},"class_list":["entry","author-marianamrrangel","post-363","page","type-page","status-publish"],"aioseo_notices":[],"jetpack_sharing_enabled":true,"_links":{"self":[{"href":"https:\/\/marianarangel.com\/index.php\/wp-json\/wp\/v2\/pages\/363","targetHints":{"allow":["GET"]}}],"collection":[{"href":"https:\/\/marianarangel.com\/index.php\/wp-json\/wp\/v2\/pages"}],"about":[{"href":"https:\/\/marianarangel.com\/index.php\/wp-json\/wp\/v2\/types\/page"}],"author":[{"embeddable":true,"href":"https:\/\/marianarangel.com\/index.php\/wp-json\/wp\/v2\/users\/1"}],"replies":[{"embeddable":true,"href":"https:\/\/marianarangel.com\/index.php\/wp-json\/wp\/v2\/comments?post=363"}],"version-history":[{"count":4,"href":"https:\/\/marianarangel.com\/index.php\/wp-json\/wp\/v2\/pages\/363\/revisions"}],"predecessor-version":[{"id":663,"href":"https:\/\/marianarangel.com\/index.php\/wp-json\/wp\/v2\/pages\/363\/revisions\/663"}],"wp:attachment":[{"href":"https:\/\/marianarangel.com\/index.php\/wp-json\/wp\/v2\/media?parent=363"}],"curies":[{"name":"wp","href":"https:\/\/api.w.org\/{rel}","templated":true}]}}