{"id":427,"date":"2023-11-02T06:21:16","date_gmt":"2023-11-02T09:21:16","guid":{"rendered":"https:\/\/marianarangel.com\/?page_id=427"},"modified":"2024-10-22T01:56:17","modified_gmt":"2024-10-22T04:56:17","slug":"quem-sou-2","status":"publish","type":"page","link":"https:\/\/marianarangel.com\/index.php\/quem-sou-2\/","title":{"rendered":"QUEM SOU?"},"content":{"rendered":"\n<p>Filha do Alt\u00edssimo Criador, um ser em constante processo de evolu\u00e7\u00e3o e expans\u00e3o, holococriadora (realizadora, materializadora de tudo que sonho, desejo e projeto na minha vida), filha \u00fanica, esposa, m\u00e3e de uma princesa.<\/p>\n\n\n\n<p>Empreendedora Serial. Atuo como CEO da Universe Gemstones, e-commerce de pedras preciosas naturais para produtos de luxo e j\u00f3ias. Como Jornalista, na coluna de espiritualidade devocional \u2013 O DEVOCIONAL SECRETO. Cantora e Compositora de M\u00fasica Espiritual. E aqui, atuo como Life Coach &amp; Psicanalista Qu\u00e2ntica, Terapeuta Hol\u00edstica, Mentora, Treinadora Mental e Especialista Vibracional e Palestrante.<\/p>\n\n\n\n<p>Pesquisadora e aluna nos campos da Comunica\u00e7\u00e3o, Desenvolvimento Pessoal e Profissional, Neuroci\u00eancias, F\u00edsica Qu\u00e2ntica, Psican\u00e1lise, Espiritualidade e Biohacking do HeartMath Institute, Resonance Science Academy, Quantum Academy, Younity Portugal e EMORY University &#8211; Atlanta, Georgia. Certificada pelo Instituto Brasileiro de Forma\u00e7\u00e3o de Terapeutas \u2013 IBFT, Instituto Kamelli Desenvolvimento Humano, Insituto Elainne Ourives, Instituto de Ensino \u2013 IE, Instituto de Desenvolvimento e Aprendizagem \u2013 PortalIDEA, Pontif\u00edcia Universidade Cat\u00f3lica do Rio Grande do Sul \u2013 PUCRS, Instituto Kaercher de Desenvolvimento Humano, Evolu\u00e7\u00e3o Agatha, Instituto ProMaster, S\u00f3cia Afiliada, Certificada e registrada como autoridade hol\u00edstica pelo Instituto Brasileiro de Terapias Hol\u00edsticas \u2013 IBRATH. Certificada Palestrante Memor\u00e1vel pela Mentora de Palestrantes, Tathi De\u00e2ndhela.<br>Encontrei na unifica\u00e7\u00e3o de minhas profiss\u00f5es e experi\u00eancias o meu prop\u00f3sito de vida, e aplico m\u00e9todos internacionalmente validados, com o objetivo de promover bem-estar e transforma\u00e7\u00e3o de vidas trabalhando os pilares espiritual, emocional e f\u00edsico. Apaixonada pela Sa\u00fade, pelas Emo\u00e7\u00f5es e Comunica\u00e7\u00e3o Emp\u00e1tica.<\/p>\n\n\n\n<p>Sejam bem-vindos (as) ao meu Universo de Infinitas Possibilidades!<\/p>\n","protected":false},"excerpt":{"rendered":"<p>Filha do Alt\u00edssimo Criador, um ser em constante processo de evolu\u00e7\u00e3o e expans\u00e3o, holococriadora (realizadora, materializadora de tudo que sonho, desejo e projeto na minha vida), filha \u00fanica, esposa, m\u00e3e de uma princesa. Empreendedora Serial. Atuo como CEO da Universe Gemstones, e-commerce de pedras preciosas naturais para produtos de luxo<span class=\"more-link\"><a href=\"https:\/\/marianarangel.com\/index.php\/quem-sou-2\/\">Continue Reading<\/a><\/span><\/p>\n","protected":false},"author":1,"featured_media":334,"parent":0,"menu_order":0,"comment_status":"closed","ping_status":"closed","template":"","meta":{"om_disable_all_campaigns":false,"sfsi_plus_gutenberg_text_before_share":"","sfsi_plus_gutenberg_show_text_before_share":"","sfsi_plus_gutenberg_icon_type":"","sfsi_plus_gutenberg_icon_alignemt":"","sfsi_plus_gutenburg_max_per_row":"","_monsterinsights_skip_tracking":false,"_monsterinsights_sitenote_active":false,"_monsterinsights_sitenote_note":"","_monsterinsights_sitenote_category":0,"footnotes":""},"class_list":["entry","author-marianamrrangel","post-427","page","type-page","status-publish","has-post-thumbnail"],"aioseo_notices":[],"jetpack_sharing_enabled":true,"_links":{"self":[{"href":"https:\/\/marianarangel.com\/index.php\/wp-json\/wp\/v2\/pages\/427","targetHints":{"allow":["GET"]}}],"collection":[{"href":"https:\/\/marianarangel.com\/index.php\/wp-json\/wp\/v2\/pages"}],"about":[{"href":"https:\/\/marianarangel.com\/index.php\/wp-json\/wp\/v2\/types\/page"}],"author":[{"embeddable":true,"href":"https:\/\/marianarangel.com\/index.php\/wp-json\/wp\/v2\/users\/1"}],"replies":[{"embeddable":true,"href":"https:\/\/marianarangel.com\/index.php\/wp-json\/wp\/v2\/comments?post=427"}],"version-history":[{"count":7,"href":"https:\/\/marianarangel.com\/index.php\/wp-json\/wp\/v2\/pages\/427\/revisions"}],"predecessor-version":[{"id":600,"href":"https:\/\/marianarangel.com\/index.php\/wp-json\/wp\/v2\/pages\/427\/revisions\/600"}],"wp:featuredmedia":[{"embeddable":true,"href":"https:\/\/marianarangel.com\/index.php\/wp-json\/wp\/v2\/media\/334"}],"wp:attachment":[{"href":"https:\/\/marianarangel.com\/index.php\/wp-json\/wp\/v2\/media?parent=427"}],"curies":[{"name":"wp","href":"https:\/\/api.w.org\/{rel}","templated":true}]}}