{"id":824,"date":"2024-10-01T11:03:15","date_gmt":"2024-10-01T14:03:15","guid":{"rendered":"https:\/\/marianarangel.com\/?page_id=824"},"modified":"2025-06-04T02:17:34","modified_gmt":"2025-06-04T05:17:34","slug":"protocolo-casal-rubi","status":"publish","type":"page","link":"https:\/\/marianarangel.com\/index.php\/protocolo-casal-rubi\/","title":{"rendered":"PROTOCOLO CASAL RUBI"},"content":{"rendered":"\n<p>O <strong>Protocolo Casal Rubi<\/strong> \u00e9 um programa exclusivo e intensivo de mentoterapia desenvolvido especialmente para casais que desejam muito mais que restaurar, <strong>este protocolo \u00e9 um reencontro de almas<\/strong>. Inspirado na for\u00e7a das chamas g\u00eameas, cada sess\u00e3o conduz o casal a uma jornada de reconex\u00e3o espiritual, emocional e energ\u00e9tica, despertando o prop\u00f3sito divino da rela\u00e7\u00e3o.<\/p>\n\n\n\n<div data-block-name=\"woocommerce\/single-product\" data-product-id=\"831\" data-wp-context=\"{&quot;productId&quot;:831,&quot;variationId&quot;:null}\" data-wp-interactive=\"woocommerce\/single-product\" class=\"wp-block-woocommerce-single-product woocommerce\">\n<div class=\"wp-block-columns is-layout-flex wp-container-core-columns-is-layout-9d6595d7 wp-block-columns-is-layout-flex\">\n<div class=\"wp-block-column is-layout-flow wp-block-column-is-layout-flow\"><div data-block-name=\"woocommerce\/product-image\" data-is-descendent-of-single-product-block=\"true\" data-show-sale-badge=\"false\" class=\"wc-block-components-product-image wc-block-grid__product-image wc-block-components-product-image--aspect-ratio-auto wp-block-woocommerce-product-image\"><a href=\"https:\/\/marianarangel.com\/index.php\/produto\/mentoterapia-protocolo-casal-rubi\/\" style=\"\" data-wp-on--click=\"woocommerce\/product-collection::actions.viewProduct\"><img decoding=\"async\" width=\"600\" height=\"600\" src=\"https:\/\/marianarangel.com\/wp-content\/uploads\/2024\/10\/PROTOCOLOS-MENTOTERAPIAS-1-1-600x600.png\" class=\"attachment-woocommerce_single size-woocommerce_single\" alt=\"Protocolo Casal Rubi\" data-testid=\"product-image\" data-image-id=\"1017\" style=\"object-fit:cover;\" loading=\"lazy\" srcset=\"https:\/\/marianarangel.com\/wp-content\/uploads\/2024\/10\/PROTOCOLOS-MENTOTERAPIAS-1-1-600x600.png 600w, https:\/\/marianarangel.com\/wp-content\/uploads\/2024\/10\/PROTOCOLOS-MENTOTERAPIAS-1-1-300x300.png 300w, https:\/\/marianarangel.com\/wp-content\/uploads\/2024\/10\/PROTOCOLOS-MENTOTERAPIAS-1-1-1024x1024.png 1024w, https:\/\/marianarangel.com\/wp-content\/uploads\/2024\/10\/PROTOCOLOS-MENTOTERAPIAS-1-1-150x150.png 150w, https:\/\/marianarangel.com\/wp-content\/uploads\/2024\/10\/PROTOCOLOS-MENTOTERAPIAS-1-1-768x768.png 768w, https:\/\/marianarangel.com\/wp-content\/uploads\/2024\/10\/PROTOCOLOS-MENTOTERAPIAS-1-1-465x465.png 465w, https:\/\/marianarangel.com\/wp-content\/uploads\/2024\/10\/PROTOCOLOS-MENTOTERAPIAS-1-1-500x500.png 500w, https:\/\/marianarangel.com\/wp-content\/uploads\/2024\/10\/PROTOCOLOS-MENTOTERAPIAS-1-1-100x100.png 100w, https:\/\/marianarangel.com\/wp-content\/uploads\/2024\/10\/PROTOCOLOS-MENTOTERAPIAS-1-1.png 1080w\" sizes=\"auto, (max-width: 600px) 100vw, 600px\" \/><div class=\"wc-block-components-product-image__inner-container\"><\/div><\/a><\/div><\/div>\n\n\n\n<div class=\"wp-block-column is-layout-flow wp-block-column-is-layout-flow\"><h2 class=\"wp-block-post-title\"><a href=\"https:\/\/marianarangel.com\/index.php\/produto\/mentoterapia-protocolo-casal-rubi\/\" target=\"_self\" >Protocolo Casal Rubi<\/a><\/h2>\n\n\n\n<div data-block-name=\"woocommerce\/product-price\" data-is-descendent-of-single-product-block=\"true\" class=\"wp-block-woocommerce-product-price\" ><div class=\"wc-block-components-product-price wc-block-grid__product-price\" >\n\t\t\t\t\t<del aria-hidden=\"true\"><span class=\"woocommerce-Price-amount amount\"><bdi><span class=\"woocommerce-Price-currencySymbol\">&#82;&#36;<\/span>6,000.00<\/bdi><\/span><\/del> <span class=\"screen-reader-text\">O pre\u00e7o original era: &#082;&#036;6,000.00.<\/span><ins aria-hidden=\"true\"><span class=\"woocommerce-Price-amount amount\"><bdi><span class=\"woocommerce-Price-currencySymbol\">&#82;&#36;<\/span>3,000.00<\/bdi><\/span><\/ins><span class=\"screen-reader-text\">O pre\u00e7o atual \u00e9: &#082;&#036;3,000.00.<\/span>\n\t\t\t\t<\/div><\/div>\n\n<div class=\"wp-block-post-excerpt\"><p class=\"wp-block-post-excerpt__excerpt\">O Protocolo Casal Rubi \u2014 Intensivo (1 m\u00eas) com o tema Cocria\u00e7\u00e3o da Chama G\u00eamea, incluindo sess\u00f5es focadas em magnetismo espiritual, alquimia do amor e sintoniza\u00e7\u00f5es que despertam a energia da chama g\u00eamea \u2014 uma abordagem mais profunda, sensorial, energ\u00e9tica e espiritual.Continue Reading <\/p><\/div>\n\n<div data-block-name=\"woocommerce\/add-to-cart-form\" class=\"wp-block-add-to-cart-form wc-block-add-to-cart-form wc-block-add-to-cart-form--input wp-block-woocommerce-add-to-cart-form\" >\n\t\n\t<form class=\"cart\" action=\"https:\/\/marianarangel.com\/index.php\/produto\/mentoterapia-protocolo-casal-rubi\/\" method=\"post\" enctype='multipart\/form-data'>\n\t\t\n\t\t<div class=\"quantity\">\n\t\t<label class=\"screen-reader-text\" for=\"quantity_69d033c0ca375\">Protocolo Casal Rubi quantidade<\/label>\n\t<input\n\t\ttype=\"number\"\n\t\t\t\tid=\"quantity_69d033c0ca375\"\n\t\tclass=\"input-text qty text\"\n\t\tname=\"quantity\"\n\t\tvalue=\"1\"\n\t\taria-label=\"Quantidade de produto\"\n\t\t\t\tmin=\"1\"\n\t\t\t\t\t\t\tstep=\"1\"\n\t\t\tplaceholder=\"\"\n\t\t\tinputmode=\"numeric\"\n\t\t\tautocomplete=\"off\"\n\t\t\t\/>\n\t<\/div>\n\n\t\t<button type=\"submit\" name=\"add-to-cart\" value=\"831\" class=\"single_add_to_cart_button button alt\">Adicionar ao carrinho<\/button>\n\n\t\t\t<\/form>\n\n\t\n<\/div>\n\n\n<div data-block-name=\"woocommerce\/product-meta\" class=\"wp-block-woocommerce-product-meta\">\n<div class=\"wp-block-group is-nowrap is-layout-flex wp-container-core-group-is-layout-ad2f72ca wp-block-group-is-layout-flex\">\n\n<div class=\"taxonomy-product_cat wp-block-post-terms\"><span class=\"wp-block-post-terms__prefix\">Categoria: <\/span><a href=\"https:\/\/marianarangel.com\/index.php\/categoria-produto\/mentoterapia\/\" rel=\"tag\">MENTOTERAPIA<\/a><\/div>\n\n<div class=\"taxonomy-product_tag wp-block-post-terms\"><span class=\"wp-block-post-terms__prefix\">Tags: <\/span><a href=\"https:\/\/marianarangel.com\/index.php\/produto-tag\/espiritualidade\/\" rel=\"tag\">espiritualidade<\/a><span class=\"wp-block-post-terms__separator\">, <\/span><a href=\"https:\/\/marianarangel.com\/index.php\/produto-tag\/fisica-quantica\/\" rel=\"tag\">f\u00edsica qu\u00e2ntica<\/a><span class=\"wp-block-post-terms__separator\">, <\/span><a href=\"https:\/\/marianarangel.com\/index.php\/produto-tag\/frequencia-da-cura\/\" rel=\"tag\">frequ\u00eancia da cura<\/a><span class=\"wp-block-post-terms__separator\">, <\/span><a href=\"https:\/\/marianarangel.com\/index.php\/produto-tag\/ibrath\/\" rel=\"tag\">IBRATH<\/a><span class=\"wp-block-post-terms__separator\">, <\/span><a href=\"https:\/\/marianarangel.com\/index.php\/produto-tag\/meditacao\/\" rel=\"tag\">medita\u00e7\u00e3o<\/a><span class=\"wp-block-post-terms__separator\">, <\/span><a href=\"https:\/\/marianarangel.com\/index.php\/produto-tag\/mentoterapia\/\" rel=\"tag\">mentoterapia<\/a><span class=\"wp-block-post-terms__separator\">, <\/span><a href=\"https:\/\/marianarangel.com\/index.php\/produto-tag\/mentoterapia-de-casal\/\" rel=\"tag\">mentoterapia de casal<\/a><span class=\"wp-block-post-terms__separator\">, <\/span><a href=\"https:\/\/marianarangel.com\/index.php\/produto-tag\/mindfulness\/\" rel=\"tag\">mindfulness<\/a><span class=\"wp-block-post-terms__separator\">, <\/span><a href=\"https:\/\/marianarangel.com\/index.php\/produto-tag\/movimento-holistico\/\" rel=\"tag\">movimento hol\u00edstico<\/a><span class=\"wp-block-post-terms__separator\">, <\/span><a href=\"https:\/\/marianarangel.com\/index.php\/produto-tag\/neurociencia\/\" rel=\"tag\">neuroci\u00eancia<\/a><span class=\"wp-block-post-terms__separator\">, <\/span><a href=\"https:\/\/marianarangel.com\/index.php\/produto-tag\/psicanalise\/\" rel=\"tag\">psican\u00e1lise<\/a><span class=\"wp-block-post-terms__separator\">, <\/span><a href=\"https:\/\/marianarangel.com\/index.php\/produto-tag\/psicanalise-clinica\/\" rel=\"tag\">psican\u00e1lise cl\u00ednica<\/a><span class=\"wp-block-post-terms__separator\">, <\/span><a href=\"https:\/\/marianarangel.com\/index.php\/produto-tag\/psicanalise-quantica\/\" rel=\"tag\">psican\u00e1lise qu\u00e2ntica<\/a><span class=\"wp-block-post-terms__separator\">, <\/span><a href=\"https:\/\/marianarangel.com\/index.php\/produto-tag\/reino-de-deus\/\" rel=\"tag\">reino de deus<\/a><span class=\"wp-block-post-terms__separator\">, <\/span><a href=\"https:\/\/marianarangel.com\/index.php\/produto-tag\/reprogramacao-mental\/\" rel=\"tag\">reprograma\u00e7\u00e3o mental<\/a><span class=\"wp-block-post-terms__separator\">, <\/span><a href=\"https:\/\/marianarangel.com\/index.php\/produto-tag\/saude-mental\/\" rel=\"tag\">sa\u00fade mental<\/a><span class=\"wp-block-post-terms__separator\">, <\/span><a href=\"https:\/\/marianarangel.com\/index.php\/produto-tag\/terapias-holisticas\/\" rel=\"tag\">terapias hol\u00edsticas<\/a><\/div><\/div>\n<\/div>\n<\/div>\n<\/div>\n<\/div>\n\n\n\n<div class=\"wp-block-jetpack-send-a-message\">\n<div class=\"wp-block-jetpack-whatsapp-button alignright is-color-dark\"><a class=\"whatsapp-block__button\" href=\"https:\/\/api.whatsapp.com\/send?phone=5527997263185&amp;text=Oi%2C%20encontrei%20suas%20informa%C3%A7%C3%B5es%20do%20WhatsApp%20no%20seu%20site.\" style=\"background-color:#25D366;color:#fff\" target=\"_self\" rel=\"noopener noreferrer\">Conversar no WhatsApp<\/a><\/div>\n<\/div>\n\n\n\n<p><\/p>\n\n\n\n<p><\/p>\n\n\n\n<p><strong>Voc\u00ea est\u00e1 pronto para transformar sua vida de maneira profunda e duradoura?<\/strong><\/p>\n\n\n\n<p>Mais que restaurar, <strong>este protocolo \u00e9 um reencontro de almas<\/strong>. Inspirado na for\u00e7a das chamas g\u00eameas, cada sess\u00e3o conduz o casal a uma jornada de reconex\u00e3o espiritual, emocional e energ\u00e9tica, despertando o prop\u00f3sito divino da rela\u00e7\u00e3o.<\/p>\n\n\n\n<h4 class=\"wp-block-heading\"><strong>SEMANA 1 \u2014 REENCONTRO DE ALMAS<\/strong><\/h4>\n\n\n\n<p><strong>Sess\u00e3o 1 (Conjunta):<\/strong><br>\ud83d\udd39 Abertura com incenso e ancoragem da egr\u00e9gora da chama g\u00eamea<br>\ud83d\udd39 Roda de inten\u00e7\u00e3o: por que nos reencontramos?<br>\ud83d\udd39 Alinhamento dos campos energ\u00e9ticos com toque consciente<br>\ud83d\udd39 Sintoniza\u00e7\u00e3o: \u201cMeu esp\u00edrito reconhece o seu\u201d<\/p>\n\n\n\n<p><strong>Sess\u00e3o 2 (Individual \u2013 Parceiro(a) 1):<\/strong><br>\ud83d\udd39 Jornada interior para curar feridas que impedem a entrega total<br>\ud83d\udd39 Reprograma\u00e7\u00e3o vibracional da crian\u00e7a interior<br>\ud83d\udd39 Medita\u00e7\u00e3o guiada: &#8220;Eu me permito amar sem medo&#8221;<\/p>\n\n\n\n<hr class=\"wp-block-separator has-alpha-channel-opacity\"\/>\n\n\n\n<h4 class=\"wp-block-heading\"><strong>SEMANA 2 \u2014 ALQUIMIA DA COMUNICA\u00c7\u00c3O<\/strong><\/h4>\n\n\n\n<p><strong>Sess\u00e3o 3 (Conjunta):<\/strong><br>\ud83d\udd39 Linguagem da alma: como sua presen\u00e7a fala com a minha?<br>\ud83d\udd39 T\u00e9cnica: \u201cPalavras que curam\u201d (exerc\u00edcio de verbaliza\u00e7\u00e3o emocional)<br>\ud83d\udd39 Sintoniza\u00e7\u00e3o: &#8220;A escuta sagrada do cora\u00e7\u00e3o&#8221;<\/p>\n\n\n\n<p><strong>Sess\u00e3o 4 (Individual \u2013 Parceiro(a) 2):<\/strong><br>\ud83d\udd39 Reconex\u00e3o com o masculino\/feminino sagrado<br>\ud83d\udd39 Libera\u00e7\u00e3o de pactos inconscientes que bloqueiam a entrega<br>\ud83d\udd39 T\u00e9cnica de libera\u00e7\u00e3o energ\u00e9tica: \u201cDesatar os la\u00e7os do passado\u201d<\/p>\n\n\n\n<hr class=\"wp-block-separator has-alpha-channel-opacity\"\/>\n\n\n\n<h4 class=\"wp-block-heading\"><strong>SEMANA 3 \u2014 MAGNETISMO E INTIMIDADE SAGRADA<\/strong><\/h4>\n\n\n\n<p><strong>Sess\u00e3o 5 (Conjunta):<\/strong><br>\ud83d\udd39 Sess\u00e3o especial: <strong>Magnetismo do casal e dan\u00e7a dos campos<\/strong><br>\ud83d\udd39 Exerc\u00edcio t\u00e2ntrico de toque energ\u00e9tico (sem contato direto)<br>\ud83d\udd39 Alinhamento dos chakras em dupla<br>\ud83d\udd39 Sintoniza\u00e7\u00e3o: \u201cFogo Sagrado do Amor\u201d <br>\ud83d\udd39 Ativa\u00e7\u00e3o do campo de desejo com respira\u00e7\u00e3o circular<\/p>\n\n\n\n<p><strong>Sess\u00e3o 6 (Conjunta):<\/strong><br>\ud83d\udd39 Carta do corpo: \u201cO que eu desejo te dar com minha presen\u00e7a\u201d<br>\ud83d\udd39 Ritual com \u00f3leo essencial ou vela ungida<br>\ud83d\udd39 Viv\u00eancia: \u201cAbra\u00e7o de cura e entrega\u201d<br>\ud83d\udd39 Pr\u00e1tica de reconex\u00e3o sensorial em sil\u00eancio (olhos nos olhos + respira\u00e7\u00e3o em sincronia)<\/p>\n\n\n\n<hr class=\"wp-block-separator has-alpha-channel-opacity\"\/>\n\n\n\n<h4 class=\"wp-block-heading\"><strong>SEMANA 4 \u2014 PROP\u00d3SITO ESPIRITUAL E ALIAN\u00c7A DIVINA<\/strong><\/h4>\n\n\n\n<p><strong>Sess\u00e3o 7 (Conjunta):<\/strong><br>\ud83d\udd39 Medita\u00e7\u00e3o das chamas g\u00eameas: cocria\u00e7\u00e3o do futuro espiritual<br>\ud83d\udd39 Escrita da \u201cCarta do Nosso Prop\u00f3sito\u201d<br>\ud83d\udd39 Declara\u00e7\u00f5es de amor consciente<br>\ud83d\udd39 Ritual de ativa\u00e7\u00e3o da Alian\u00e7a Sagrada<\/p>\n\n\n\n<p><strong>Sess\u00e3o 8 (Conjunta \u2013 Encerramento):<\/strong><br>\ud83d\udd39 Cerim\u00f4nia simb\u00f3lica de b\u00ean\u00e7\u00e3o da uni\u00e3o<br>\ud83d\udd39 Ora\u00e7\u00e3o em dupla (espiritualidade livre)<br>\ud83d\udd39 Pr\u00e1tica final: \u201cEu te escolho todos os dias, com alma e cora\u00e7\u00e3o\u201d<br>\ud83d\udd39 Sugest\u00e3o: banhos de rosas, m\u00fasica de alta frequ\u00eancia, ancoragem de prote\u00e7\u00e3o<\/p>\n\n\n\n<hr class=\"wp-block-separator has-alpha-channel-opacity\"\/>\n\n\n\n<h3 class=\"wp-block-heading\">B\u00d4NUS:<\/h3>\n\n\n\n<ul class=\"wp-block-list\">\n<li>Medita\u00e7\u00e3o: \u201cChama G\u00eamea em Mim\u201d<\/li>\n\n\n\n<li>E-book: \u201cFrases da Alma para Reconex\u00e3o\u201d<\/li>\n\n\n\n<li>Playlist: Energia do Amor &amp; Reconex\u00e3o<\/li>\n\n\n\n<li>Carta energ\u00e9tica com ora\u00e7\u00e3o personalizada do casal (enviada por PDF ou carta f\u00edsica)<\/li>\n<\/ul>\n\n\n\n<hr class=\"wp-block-separator has-alpha-channel-opacity\"\/>\n\n\n\n<h3 class=\"wp-block-heading\">Indica\u00e7\u00e3o:<\/h3>\n\n\n\n<p>Casais que est\u00e3o juntos ou afastados e sentem o chamado da reconex\u00e3o energ\u00e9tica profunda. Ideal para recome\u00e7os, ressignifica\u00e7\u00e3o da intimidade e prop\u00f3sito amoroso.<\/p>\n\n\n\n<p><strong>N\u00e3o espere mais para viver essa transforma\u00e7\u00e3o. Entre em contato comigo hoje e vamos come\u00e7ar essa jornada juntos. Seu futuro come\u00e7a agora!<\/strong><\/p>\n\n\n\n<p><em>Affinity Consult\u00f3rios l Coworking M\u00e9dico Affinity Work \u2013 R. Ten. M\u00e1rio Francisco Brito, 200 \u2013 loja 06 \u2013 Enseada do Su\u00e1, Vit\u00f3ria \u2013 ES, 29050-545 Agendamento: (27) 99294-4210<\/em><\/p>\n","protected":false},"excerpt":{"rendered":"<p>O Protocolo Casal Rubi \u00e9 um programa exclusivo e intensivo de mentoterapia desenvolvido especialmente para casais que desejam muito mais que restaurar, este protocolo \u00e9 um reencontro de almas. Inspirado na for\u00e7a das chamas g\u00eameas, cada sess\u00e3o conduz o casal a uma jornada de reconex\u00e3o espiritual, emocional e energ\u00e9tica, despertando<span class=\"more-link\"><a href=\"https:\/\/marianarangel.com\/index.php\/produto\/mentoterapia-protocolo-casal-rubi\/\">Continue Reading<\/a><\/span><\/p>\n","protected":false},"author":1,"featured_media":0,"parent":0,"menu_order":0,"comment_status":"closed","ping_status":"closed","template":"","meta":{"om_disable_all_campaigns":false,"sfsi_plus_gutenberg_text_before_share":"","sfsi_plus_gutenberg_show_text_before_share":"","sfsi_plus_gutenberg_icon_type":"","sfsi_plus_gutenberg_icon_alignemt":"","sfsi_plus_gutenburg_max_per_row":"","_monsterinsights_skip_tracking":false,"_monsterinsights_sitenote_active":false,"_monsterinsights_sitenote_note":"","_monsterinsights_sitenote_category":0,"footnotes":""},"class_list":["entry","author-marianamrrangel","has-excerpt","post-824","page","type-page","status-publish"],"aioseo_notices":[],"jetpack_sharing_enabled":true,"_links":{"self":[{"href":"https:\/\/marianarangel.com\/index.php\/wp-json\/wp\/v2\/pages\/824","targetHints":{"allow":["GET"]}}],"collection":[{"href":"https:\/\/marianarangel.com\/index.php\/wp-json\/wp\/v2\/pages"}],"about":[{"href":"https:\/\/marianarangel.com\/index.php\/wp-json\/wp\/v2\/types\/page"}],"author":[{"embeddable":true,"href":"https:\/\/marianarangel.com\/index.php\/wp-json\/wp\/v2\/users\/1"}],"replies":[{"embeddable":true,"href":"https:\/\/marianarangel.com\/index.php\/wp-json\/wp\/v2\/comments?post=824"}],"version-history":[{"count":6,"href":"https:\/\/marianarangel.com\/index.php\/wp-json\/wp\/v2\/pages\/824\/revisions"}],"predecessor-version":[{"id":997,"href":"https:\/\/marianarangel.com\/index.php\/wp-json\/wp\/v2\/pages\/824\/revisions\/997"}],"wp:attachment":[{"href":"https:\/\/marianarangel.com\/index.php\/wp-json\/wp\/v2\/media?parent=824"}],"curies":[{"name":"wp","href":"https:\/\/api.w.org\/{rel}","templated":true}]}}