{"id":1010,"date":"2025-07-16T01:38:32","date_gmt":"2025-07-16T04:38:32","guid":{"rendered":"https:\/\/marianarangel.com\/?post_type=product&#038;p=1010"},"modified":"2025-07-16T03:03:27","modified_gmt":"2025-07-16T06:03:27","slug":"e-book-sapiosexualidade","status":"publish","type":"product","link":"https:\/\/marianarangel.com\/index.php\/produto\/e-book-sapiosexualidade\/","title":{"rendered":"E-book SAPIOSEXUALIDADE"},"content":{"rendered":"<h2 data-start=\"259\" data-end=\"323\"><em data-start=\"264\" data-end=\"321\">Sapiosexualidade: Atra\u00e7\u00e3o pela Mente, Conex\u00e3o pela Alma<\/em><\/h2>\n<h3 data-start=\"324\" data-end=\"406\">Um e-book para quem deseja amar com mais consci\u00eancia, presen\u00e7a e profundidade.<\/h3>\n<p data-start=\"408\" data-end=\"643\">Voc\u00ea j\u00e1 sentiu uma conex\u00e3o intensa com algu\u00e9m n\u00e3o pelo toque, mas pelas ideias?<br data-start=\"487\" data-end=\"490\" \/>J\u00e1 foi despertado(a) por uma conversa que te tirou do lugar comum e te levou a refletir sobre a vida de forma in\u00e9dita?<br data-start=\"608\" data-end=\"611\" \/>Ent\u00e3o este conte\u00fado \u00e9 para voc\u00ea.<\/p>\n<p data-start=\"645\" data-end=\"894\">Neste e-book in\u00e9dito e transformador, voc\u00ea vai mergulhar no universo da <strong data-start=\"717\" data-end=\"737\">sapiosexualidade<\/strong> \u2014 a atra\u00e7\u00e3o pela mente \u2014 sob uma perspectiva profunda e integrativa, que une <strong data-start=\"815\" data-end=\"893\">neuroci\u00eancia, psican\u00e1lise qu\u00e2ntica, psicologia junguiana e espiritualidade<\/strong>.<\/p>\n<p data-start=\"896\" data-end=\"918\">Aqui, voc\u00ea descobrir\u00e1:<\/p>\n<p data-start=\"920\" data-end=\"1472\">\ud83e\udde0 Como a mente se torna o verdadeiro centro da atra\u00e7\u00e3o emocional e energ\u00e9tica.<br data-start=\"999\" data-end=\"1002\" \/>\ud83d\udcab Como os <strong data-start=\"1013\" data-end=\"1038\">desejos inconscientes<\/strong> moldam conex\u00f5es intelectuais e afetivas.<br data-start=\"1079\" data-end=\"1082\" \/>\ud83e\uddec O papel da <strong data-start=\"1096\" data-end=\"1112\">neuroci\u00eancia<\/strong> na excita\u00e7\u00e3o mental e no prazer de pensar junto.<br data-start=\"1161\" data-end=\"1164\" \/>\ud83c\udf0c A influ\u00eancia dos <strong data-start=\"1184\" data-end=\"1219\">campos qu\u00e2nticos de consci\u00eancia<\/strong> na empatia e resson\u00e2ncia vibracional.<br data-start=\"1257\" data-end=\"1260\" \/>\ud83c\udf00 A atua\u00e7\u00e3o dos <strong data-start=\"1277\" data-end=\"1302\">arqu\u00e9tipos junguianos<\/strong> nos encontros que nos transformam por dentro.<br data-start=\"1348\" data-end=\"1351\" \/>\ud83d\udc9e Como criar rela\u00e7\u00f5es mais <strong data-start=\"1379\" data-end=\"1419\">aut\u00eanticas, nutritivas e conscientes<\/strong> por meio do di\u00e1logo, da escuta e da presen\u00e7a mental.<\/p>\n<blockquote data-start=\"1474\" data-end=\"1577\">\n<p data-start=\"1475\" data-end=\"1577\">\u2728 <em data-start=\"1477\" data-end=\"1575\">A mente que nos atrai \u00e9, muitas vezes, a chave que desperta o que est\u00e1 adormecido em nossa alma.<\/em><\/p>\n<\/blockquote>\n<p data-start=\"1579\" data-end=\"1780\">Este e-book \u00e9 mais do que uma leitura \u2014 \u00e9 uma jornada de autoconhecimento emocional, energ\u00e9tico e relacional.<br data-start=\"1688\" data-end=\"1691\" \/>Ideal para quem deseja viver rela\u00e7\u00f5es com mais sentido, profundidade e expans\u00e3o interior.<\/p>\n<hr data-start=\"1782\" data-end=\"1785\" \/>\n<p data-start=\"1787\" data-end=\"1903\"><strong data-start=\"1787\" data-end=\"1802\">\ud83d\udcbb Formato:<\/strong> PDF Digital<br data-start=\"1814\" data-end=\"1817\" \/><strong data-start=\"1817\" data-end=\"1864\">\ud83d\udcd6 Leitura f\u00e1cil, profunda e transformadora<\/strong><br data-start=\"1864\" data-end=\"1867\" \/><strong data-start=\"1867\" data-end=\"1903\">\ud83d\udd10 Acesso imediato ap\u00f3s a compra<\/strong><\/p>\n<p><a href=\"https:\/\/pay.kiwify.com.br\/qNxcp7B\">https:\/\/pay.kiwify.com.br\/qNxcp7B<\/a><\/p>\n","protected":false},"excerpt":{"rendered":"<p>Sapiosexualidade: Atra\u00e7\u00e3o pela Mente, Conex\u00e3o pela Alma Um e-book para quem deseja amar com mais consci\u00eancia, presen\u00e7a e profundidade. Voc\u00ea j\u00e1 sentiu uma conex\u00e3o intensa com algu\u00e9m n\u00e3o pelo toque, mas pelas ideias?J\u00e1 foi despertado(a) por uma conversa que te tirou do lugar comum e te levou a refletir sobre<span class=\"more-link\"><a href=\"https:\/\/marianarangel.com\/index.php\/produto\/e-book-sapiosexualidade\/\">Continue Reading<\/a><\/span><\/p>\n","protected":false},"featured_media":1015,"comment_status":"open","ping_status":"closed","template":"","meta":{"om_disable_all_campaigns":false,"sfsi_plus_gutenberg_text_before_share":"","sfsi_plus_gutenberg_show_text_before_share":"","sfsi_plus_gutenberg_icon_type":"","sfsi_plus_gutenberg_icon_alignemt":"","sfsi_plus_gutenburg_max_per_row":"","_monsterinsights_skip_tracking":false,"_monsterinsights_sitenote_active":false,"_monsterinsights_sitenote_note":"","_monsterinsights_sitenote_category":0},"product_brand":[],"product_cat":[51],"product_tag":[],"class_list":{"0":"entry","1":"author-marianamrrangel","2":"post-1010","3":"product","4":"type-product","5":"status-publish","6":"has-post-thumbnail","7":"product_cat-e-books-e-livros","9":"first","10":"instock","11":"product-type-external"},"aioseo_notices":[],"jetpack_sharing_enabled":true,"_links":{"self":[{"href":"https:\/\/marianarangel.com\/index.php\/wp-json\/wp\/v2\/product\/1010","targetHints":{"allow":["GET"]}}],"collection":[{"href":"https:\/\/marianarangel.com\/index.php\/wp-json\/wp\/v2\/product"}],"about":[{"href":"https:\/\/marianarangel.com\/index.php\/wp-json\/wp\/v2\/types\/product"}],"replies":[{"embeddable":true,"href":"https:\/\/marianarangel.com\/index.php\/wp-json\/wp\/v2\/comments?post=1010"}],"wp:featuredmedia":[{"embeddable":true,"href":"https:\/\/marianarangel.com\/index.php\/wp-json\/wp\/v2\/media\/1015"}],"wp:attachment":[{"href":"https:\/\/marianarangel.com\/index.php\/wp-json\/wp\/v2\/media?parent=1010"}],"wp:term":[{"taxonomy":"product_brand","embeddable":true,"href":"https:\/\/marianarangel.com\/index.php\/wp-json\/wp\/v2\/product_brand?post=1010"},{"taxonomy":"product_cat","embeddable":true,"href":"https:\/\/marianarangel.com\/index.php\/wp-json\/wp\/v2\/product_cat?post=1010"},{"taxonomy":"product_tag","embeddable":true,"href":"https:\/\/marianarangel.com\/index.php\/wp-json\/wp\/v2\/product_tag?post=1010"}],"curies":[{"name":"wp","href":"https:\/\/api.w.org\/{rel}","templated":true}]}}