{"id":1053,"date":"2025-12-05T18:14:13","date_gmt":"2025-12-05T21:14:13","guid":{"rendered":"https:\/\/marianarangel.com\/?post_type=product&#038;p=1053"},"modified":"2025-12-05T18:14:14","modified_gmt":"2025-12-05T21:14:14","slug":"e-book-audiosintonizacao-bloqueio-de-prosperidade-desbloqueio-de-crencas-sobre-dinheiro-e-riqueza","status":"publish","type":"product","link":"https:\/\/marianarangel.com\/index.php\/produto\/e-book-audiosintonizacao-bloqueio-de-prosperidade-desbloqueio-de-crencas-sobre-dinheiro-e-riqueza\/","title":{"rendered":"E-book + \u00c1udio|Sintoniza\u00e7\u00e3o: BLOQUEIO DE PROSPERIDADE &#8211; Desbloqueio de Cren\u00e7as sobre Dinheiro e Riqueza"},"content":{"rendered":"<h2 data-start=\"190\" data-end=\"262\"><strong data-start=\"196\" data-end=\"260\">EBOOK + \u00c1UDIO DE SINTONIZA\u00c7\u00c3O \u2014 KIT INTEN\u00c7\u00c3O DA PROSPERIDADE<\/strong><\/h2>\n<p data-start=\"263\" data-end=\"340\"><strong data-start=\"263\" data-end=\"340\">Desbloqueie cren\u00e7as. Reprograme sua mente. Ative sua vibra\u00e7\u00e3o de riqueza.<\/strong><\/p>\n<p data-start=\"342\" data-end=\"517\">Voc\u00ea est\u00e1 prestes a acessar um dos materiais mais poderosos para transformar sua rela\u00e7\u00e3o com o dinheiro, prosperidade e abund\u00e2ncia \u2014 <strong data-start=\"475\" data-end=\"516\">na mente, na energia e na consci\u00eancia<\/strong>.<\/p>\n<p data-start=\"519\" data-end=\"543\">Este kit \u00e9 composto por:<\/p>\n<hr data-start=\"545\" data-end=\"548\" \/>\n<h3 data-start=\"550\" data-end=\"595\"><strong data-start=\"557\" data-end=\"593\">EBOOK \u2014 BLOQUEIO DE PROSPERIDADE<\/strong><\/h3>\n<p data-start=\"596\" data-end=\"647\"><strong data-start=\"596\" data-end=\"647\">Desbloqueio de Cren\u00e7as sobre Dinheiro e Riqueza<\/strong><\/p>\n<p data-start=\"649\" data-end=\"711\">Um guia profundo, direto e altamente transformador que revela:<\/p>\n<p data-start=\"713\" data-end=\"1196\">\u2728 Os principais bloqueios emocionais, mentais e energ\u00e9ticos que sabotam sua prosperidade<br data-start=\"801\" data-end=\"804\" \/>\u2728 Como a mente inconsciente cria escassez sem que voc\u00ea perceba<br data-start=\"866\" data-end=\"869\" \/>\u2728 Como identificar e eliminar cren\u00e7as limitantes sobre dinheiro, valor e merecimento<br data-start=\"953\" data-end=\"956\" \/>\u2728 As bases cient\u00edficas, psicanal\u00edticas e qu\u00e2nticas da cocria\u00e7\u00e3o financeira<br data-start=\"1030\" data-end=\"1033\" \/>\u2728 Como reprogramar seu campo vibracional para atrair riqueza, oportunidades e expans\u00e3o<br data-start=\"1119\" data-end=\"1122\" \/>\u2728 As leis universais que regem a abund\u00e2ncia (e como ativ\u00e1-las a seu favor)<\/p>\n<p data-start=\"1198\" data-end=\"1295\">Voc\u00ea vai compreender <em data-start=\"1219\" data-end=\"1228\">por que<\/em> n\u00e3o prosperava \u2014<br data-start=\"1245\" data-end=\"1248\" \/>e exatamente <em data-start=\"1261\" data-end=\"1294\">como mudar isso definitivamente<\/em>.<\/p>\n<hr data-start=\"1297\" data-end=\"1300\" \/>\n<h3 data-start=\"1302\" data-end=\"1365\">\ud83c\udfa7 <strong data-start=\"1309\" data-end=\"1363\">\u00c1UDIO \u2014 SINTONIZA\u00c7\u00c3O C\u00d3DIGO QU\u00c2NTICO DE ABUND\u00c2NCIA<\/strong><\/h3>\n<p data-start=\"1366\" data-end=\"1416\"><strong data-start=\"1366\" data-end=\"1416\">Ativa\u00e7\u00e3o vibracional para cocriar prosperidade<\/strong><\/p>\n<p data-start=\"1418\" data-end=\"1543\">Este \u00e1udio exclusivo foi criado para alterar seu estado mental e alinhar seu campo energ\u00e9tico com a frequ\u00eancia da abund\u00e2ncia.<\/p>\n<p data-start=\"1545\" data-end=\"1569\">A sintoniza\u00e7\u00e3o trabalha:<\/p>\n<p data-start=\"1571\" data-end=\"1858\">\ud83e\uddd8\u200d\u2640\ufe0f Esvaziamento da mente e limpeza emocional<br data-start=\"1618\" data-end=\"1621\" \/>\ud83d\udd2e Acesso ao campo Theta para reprograma\u00e7\u00e3o profunda<br data-start=\"1673\" data-end=\"1676\" \/>\ud83d\udca0 Ativa\u00e7\u00e3o do C\u00f3digo Qu\u00e2ntico de Abund\u00e2ncia<br data-start=\"1720\" data-end=\"1723\" \/>\ud83d\udcb0 Reestrutura\u00e7\u00e3o vibracional para atrair dinheiro, oportunidades e riqueza<br data-start=\"1798\" data-end=\"1801\" \/>\u2728 Manifesta\u00e7\u00e3o consciente com foco, clareza e merecimento<\/p>\n<p data-start=\"1860\" data-end=\"1962\">Voc\u00ea apenas coloca seus fones, fecha os olhos e permite que a nova frequ\u00eancia <strong data-start=\"1938\" data-end=\"1961\">ancore no seu campo<\/strong>.<\/p>\n<hr data-start=\"1964\" data-end=\"1967\" \/>\n<h2 data-start=\"1969\" data-end=\"2011\"><strong data-start=\"1975\" data-end=\"2011\">Este kit \u00e9 para voc\u00ea que deseja:<\/strong><\/h2>\n<p data-start=\"2013\" data-end=\"2303\">\u2714 Destravar sua prosperidade<br data-start=\"2041\" data-end=\"2044\" \/>\u2714 Aumentar sua vibra\u00e7\u00e3o financeira<br data-start=\"2078\" data-end=\"2081\" \/>\u2714 Cocriar dinheiro com consci\u00eancia<br data-start=\"2115\" data-end=\"2118\" \/>\u2714 Parar de sabotar sua pr\u00f3pria riqueza<br data-start=\"2156\" data-end=\"2159\" \/>\u2714 Atrair oportunidades, clientes e abund\u00e2ncia<br data-start=\"2204\" data-end=\"2207\" \/>\u2714 Sair da escassez emocional e financeira<br data-start=\"2248\" data-end=\"2251\" \/>\u2714 Viver em alinhamento com a energia da prosperidade<\/p>\n<hr data-start=\"2305\" data-end=\"2308\" \/>\n<h2 data-start=\"2310\" data-end=\"2341\"><strong data-start=\"2316\" data-end=\"2339\">Resultado esperado?<\/strong><\/h2>\n<p data-start=\"2342\" data-end=\"2419\">Uma nova mentalidade.<br data-start=\"2363\" data-end=\"2366\" \/>Um novo campo energ\u00e9tico.<br data-start=\"2391\" data-end=\"2394\" \/>Uma nova vida financeira.<\/p>\n<hr data-start=\"2421\" data-end=\"2424\" \/>\n<h2 data-start=\"2426\" data-end=\"2473\"><strong data-start=\"2432\" data-end=\"2471\">Acesse agora e inicie sua expans\u00e3o!<\/strong><\/h2>\n<p data-start=\"2474\" data-end=\"2548\">Clique no link e receba imediatamente o <strong data-start=\"2514\" data-end=\"2547\">Ebook + \u00c1udio de Sintoniza\u00e7\u00e3o<\/strong>.<\/p>\n","protected":false},"excerpt":{"rendered":"<p>Ebook + \u00c1udio para desbloquear sua energia, reprogramar cren\u00e7as e ativar a frequ\u00eancia da prosperidade.<span class=\"more-link\"><a href=\"https:\/\/marianarangel.com\/index.php\/produto\/e-book-audiosintonizacao-bloqueio-de-prosperidade-desbloqueio-de-crencas-sobre-dinheiro-e-riqueza\/\">Continue Reading<\/a><\/span><\/p>\n","protected":false},"featured_media":1054,"comment_status":"open","ping_status":"closed","template":"","meta":{"om_disable_all_campaigns":false,"sfsi_plus_gutenberg_text_before_share":"","sfsi_plus_gutenberg_show_text_before_share":"","sfsi_plus_gutenberg_icon_type":"","sfsi_plus_gutenberg_icon_alignemt":"","sfsi_plus_gutenburg_max_per_row":"","_monsterinsights_skip_tracking":false,"_monsterinsights_sitenote_active":false,"_monsterinsights_sitenote_note":"","_monsterinsights_sitenote_category":0},"product_brand":[],"product_cat":[51],"product_tag":[],"class_list":{"0":"entry","1":"author-marianamrrangel","2":"has-excerpt","3":"post-1053","4":"product","5":"type-product","6":"status-publish","7":"has-post-thumbnail","8":"product_cat-e-books-e-livros","10":"first","11":"instock","12":"taxable","13":"shipping-taxable","14":"product-type-external"},"aioseo_notices":[],"jetpack_sharing_enabled":true,"_links":{"self":[{"href":"https:\/\/marianarangel.com\/index.php\/wp-json\/wp\/v2\/product\/1053","targetHints":{"allow":["GET"]}}],"collection":[{"href":"https:\/\/marianarangel.com\/index.php\/wp-json\/wp\/v2\/product"}],"about":[{"href":"https:\/\/marianarangel.com\/index.php\/wp-json\/wp\/v2\/types\/product"}],"replies":[{"embeddable":true,"href":"https:\/\/marianarangel.com\/index.php\/wp-json\/wp\/v2\/comments?post=1053"}],"wp:featuredmedia":[{"embeddable":true,"href":"https:\/\/marianarangel.com\/index.php\/wp-json\/wp\/v2\/media\/1054"}],"wp:attachment":[{"href":"https:\/\/marianarangel.com\/index.php\/wp-json\/wp\/v2\/media?parent=1053"}],"wp:term":[{"taxonomy":"product_brand","embeddable":true,"href":"https:\/\/marianarangel.com\/index.php\/wp-json\/wp\/v2\/product_brand?post=1053"},{"taxonomy":"product_cat","embeddable":true,"href":"https:\/\/marianarangel.com\/index.php\/wp-json\/wp\/v2\/product_cat?post=1053"},{"taxonomy":"product_tag","embeddable":true,"href":"https:\/\/marianarangel.com\/index.php\/wp-json\/wp\/v2\/product_tag?post=1053"}],"curies":[{"name":"wp","href":"https:\/\/api.w.org\/{rel}","templated":true}]}}