{"id":831,"date":"2024-10-01T11:43:57","date_gmt":"2024-10-01T14:43:57","guid":{"rendered":"https:\/\/marianarangel.com\/?post_type=product&#038;p=831"},"modified":"2025-11-15T14:15:57","modified_gmt":"2025-11-15T17:15:57","slug":"mentoterapia-protocolo-casal-rubi","status":"publish","type":"product","link":"https:\/\/marianarangel.com\/index.php\/produto\/mentoterapia-protocolo-casal-rubi\/","title":{"rendered":"Protocolo Casal Rubi"},"content":{"rendered":"","protected":false},"excerpt":{"rendered":"<p>O <strong>Protocolo Casal Rubi \u2014 Intensivo (1 m\u00eas)<\/strong> com o tema <strong>Cocria\u00e7\u00e3o da Chama G\u00eamea<\/strong>, incluindo sess\u00f5es focadas em <strong>magnetismo espiritual, alquimia do amor e sintoniza\u00e7\u00f5es que despertam a energia da chama g\u00eamea<\/strong> \u2014 uma abordagem mais profunda, sensorial, energ\u00e9tica e espiritual.<span class=\"more-link\"><a href=\"https:\/\/marianarangel.com\/index.php\/produto\/mentoterapia-protocolo-casal-rubi\/\">Continue Reading<\/a><\/span><\/p>\n","protected":false},"featured_media":1017,"comment_status":"open","ping_status":"closed","template":"","meta":{"om_disable_all_campaigns":false,"sfsi_plus_gutenberg_text_before_share":"","sfsi_plus_gutenberg_show_text_before_share":"","sfsi_plus_gutenberg_icon_type":"","sfsi_plus_gutenberg_icon_alignemt":"","sfsi_plus_gutenburg_max_per_row":"","_monsterinsights_skip_tracking":false,"_monsterinsights_sitenote_active":false,"_monsterinsights_sitenote_note":"","_monsterinsights_sitenote_category":0},"product_brand":[],"product_cat":[97],"product_tag":[103,105,86,54,83,98,107,84,53,104,99,87,100,106,102,88,52],"class_list":{"0":"entry","1":"author-marianamrrangel","2":"has-excerpt","3":"post-831","4":"product","5":"type-product","6":"status-publish","7":"has-post-thumbnail","8":"product_cat-mentoterapia","9":"product_tag-espiritualidade","10":"product_tag-fisica-quantica","11":"product_tag-frequencia-da-cura","12":"product_tag-ibrath","13":"product_tag-meditacao","14":"product_tag-mentoterapia","15":"product_tag-mentoterapia-de-casal","16":"product_tag-mindfulness","17":"product_tag-movimento-holistico","18":"product_tag-neurociencia","19":"product_tag-psicanalise","20":"product_tag-psicanalise-clinica","21":"product_tag-psicanalise-quantica","22":"product_tag-reino-de-deus","23":"product_tag-reprogramacao-mental","24":"product_tag-saude-mental","25":"product_tag-terapias-holisticas","27":"first","28":"instock","29":"sale","30":"purchasable","31":"product-type-simple"},"aioseo_notices":[],"jetpack_sharing_enabled":true,"_links":{"self":[{"href":"https:\/\/marianarangel.com\/index.php\/wp-json\/wp\/v2\/product\/831","targetHints":{"allow":["GET"]}}],"collection":[{"href":"https:\/\/marianarangel.com\/index.php\/wp-json\/wp\/v2\/product"}],"about":[{"href":"https:\/\/marianarangel.com\/index.php\/wp-json\/wp\/v2\/types\/product"}],"replies":[{"embeddable":true,"href":"https:\/\/marianarangel.com\/index.php\/wp-json\/wp\/v2\/comments?post=831"}],"wp:featuredmedia":[{"embeddable":true,"href":"https:\/\/marianarangel.com\/index.php\/wp-json\/wp\/v2\/media\/1017"}],"wp:attachment":[{"href":"https:\/\/marianarangel.com\/index.php\/wp-json\/wp\/v2\/media?parent=831"}],"wp:term":[{"taxonomy":"product_brand","embeddable":true,"href":"https:\/\/marianarangel.com\/index.php\/wp-json\/wp\/v2\/product_brand?post=831"},{"taxonomy":"product_cat","embeddable":true,"href":"https:\/\/marianarangel.com\/index.php\/wp-json\/wp\/v2\/product_cat?post=831"},{"taxonomy":"product_tag","embeddable":true,"href":"https:\/\/marianarangel.com\/index.php\/wp-json\/wp\/v2\/product_tag?post=831"}],"curies":[{"name":"wp","href":"https:\/\/api.w.org\/{rel}","templated":true}]}}